{"id":871,"date":"2021-02-25T15:04:59","date_gmt":"2021-02-25T14:04:59","guid":{"rendered":"http:\/\/www.plasticfreecertification.org\/?page_id=871"},"modified":"2021-03-09T10:35:30","modified_gmt":"2021-03-09T09:35:30","slug":"il-problema-della-plastica","status":"publish","type":"page","link":"https:\/\/www.plasticfreecertification.org\/it\/il-problema-della-plastica\/","title":{"rendered":"Il problema della plastica"},"content":{"rendered":"\n<p>In vent'anni abbiamo prodotto tanta plastica quanto in tutta la nostra storia. Oggi l'umanit\u00e0 \u00e8 assediata da una minaccia che si nasconde nelle nostre bottiglie, nei vestiti, nelle costruzioni, in quasi tutti gli oggetti che utilizziamo. Mette in pericolo la nostra esistenza, i nostri mari e i nostri oceani. E se non vogliamo che la storia finisca male, bisogna cambiare immediatamente.<\/p>\n\n\n\n<p>Il mondo produce attualmente <strong>400 milioni di tonnellate<\/strong> di plastica all'anno. Pi\u00f9 dei 3 quarti diventano dei rifiuti quasi immediatamente. Meno del 20% \u00e8 riciclato. Risultato: <strong>ogni anno 100 milioni di tonnellate finiscono nella natura<\/strong>, 8 milioni negli oceani. Quasi tutti gli organismi marini, dal plancton alle balene, sono gi\u00e0 contaminati. L\u2019uomo non ne \u00e8 immune: si media ingeriamo ogni settimana il quantitativo di plastica di una carta di credito. Inquinamento del suolo, dei fiumi, degrado dei coralli, emissioni di CO2, la lista delle minacce si allunga a non finire, mentre il margine di speranza si riduce.<\/p>\n\n\n\n<p>Questa crisi impatta su tutto l'insieme planetario, ma cosa sappiamo del <strong>Mediterraneo<\/strong>? B\u00e9, non \u00e8 effettivamente una favola. I paesi del Mediterraneo hanno uno dei tassi pi\u00f9 alti al mondo di produzione di rifiuti plastici, con una produzione pro-capita che va dai 208 ai 760 kg all'anno. Ogni anno, circa <strong>600 000 tonnellate<\/strong> di plastica sono versate nel Mare Nostrum. L'equivalente di 66000 camion. Continuando con questo trend, tra trent'anni ci saranno pi\u00f9 plastiche che pesci a nuotare nelle nostre acque.\u00a0<\/p>\n\n\n\n<p>Cosa fare di fronte a tutto ci\u00f2? Noi di Plastic Free Certification abbiamo scelto.&nbsp;<\/p>\n\n\n\n<p><strong>NO ALLE PLASTICHE MONOUSO NON COMPOSTABILI<\/strong><\/p>\n\n\n\n<p>CERTIFICATI PLASTIC FREE<\/p>\n\n\n\n<blockquote class=\"wp-block-quote is-style-default is-layout-flow wp-block-quote-is-layout-flow\"><p>\"Pu\u00f2 darsi che non siate responsabili per la situazione in cui vi trovate, ma lo diventerete se non farete nulla per cambiarla\"<\/p><cite>M. Luther King<\/cite><\/blockquote>\n","protected":false},"excerpt":{"rendered":"<p>In vent'anni abbiamo prodotto tanta plastica quanto in tutta la nostra storia. Oggi l'umanit\u00e0 \u00e8 assediata da una minaccia che si nasconde nelle nostre bottiglie, nei vestiti, nelle costruzioni, in quasi tutti gli oggetti che utilizziamo. Mette in pericolo la nostra esistenza, i nostri mari e i nostri oceani. E se non vogliamo che la [&hellip;]<\/p>\n","protected":false},"author":1,"featured_media":1003,"parent":0,"menu_order":0,"comment_status":"closed","ping_status":"closed","template":"","meta":{"_acf_changed":false,"footnotes":""},"class_list":["post-871","page","type-page","status-publish","has-post-thumbnail","hentry"],"acf":[],"_links":{"self":[{"href":"https:\/\/www.plasticfreecertification.org\/it\/wp-json\/wp\/v2\/pages\/871","targetHints":{"allow":["GET"]}}],"collection":[{"href":"https:\/\/www.plasticfreecertification.org\/it\/wp-json\/wp\/v2\/pages"}],"about":[{"href":"https:\/\/www.plasticfreecertification.org\/it\/wp-json\/wp\/v2\/types\/page"}],"author":[{"embeddable":true,"href":"https:\/\/www.plasticfreecertification.org\/it\/wp-json\/wp\/v2\/users\/1"}],"replies":[{"embeddable":true,"href":"https:\/\/www.plasticfreecertification.org\/it\/wp-json\/wp\/v2\/comments?post=871"}],"version-history":[{"count":2,"href":"https:\/\/www.plasticfreecertification.org\/it\/wp-json\/wp\/v2\/pages\/871\/revisions"}],"predecessor-version":[{"id":1009,"href":"https:\/\/www.plasticfreecertification.org\/it\/wp-json\/wp\/v2\/pages\/871\/revisions\/1009"}],"wp:featuredmedia":[{"embeddable":true,"href":"https:\/\/www.plasticfreecertification.org\/it\/wp-json\/wp\/v2\/media\/1003"}],"wp:attachment":[{"href":"https:\/\/www.plasticfreecertification.org\/it\/wp-json\/wp\/v2\/media?parent=871"}],"curies":[{"name":"wp","href":"https:\/\/api.w.org\/{rel}","templated":true}]}}