{"id":890,"date":"2021-02-25T15:16:55","date_gmt":"2021-02-25T14:16:55","guid":{"rendered":"http:\/\/www.plasticfreecertification.org\/?page_id=890"},"modified":"2021-05-21T10:01:32","modified_gmt":"2021-05-21T08:01:32","slug":"il-nostro-programma","status":"publish","type":"page","link":"https:\/\/www.plasticfreecertification.org\/it\/il-nostro-programma\/","title":{"rendered":"Azienda"},"content":{"rendered":"\n<p>La nostra certificazione si rivolge ad <strong>enti, imprese ed organizzazioni<\/strong>  che intendono impegnarsi nella riduzione dell'uso di <strong>plastica monouso<\/strong> di origine fossile. <\/p>\n\n\n\n<p>Nello specifico, i nostri obiettivi sono:<\/p>\n\n\n\n<ul class=\"wp-block-list\"><li>Promuovere e incentivare un'<strong>attenzione responsabile e consapevole<\/strong> ai consumi ecosostenibili, garantiti e verificati;<\/li><li><strong>decondizionare <\/strong>il comportamento umano dall'utilizzo quasi automatico di plastica monouso;<\/li><li>Facilitare l\u2019accesso a <strong>processi operativi<\/strong> per la riduzione\/abolizione di plastiche monouso;<\/li><li>Influenzare le filiere produttive nel processo di transizione e coinvolgere terze parti con un <strong>approccio graduale e progressivo<\/strong>.<\/li><\/ul>\n\n\n\n<p><\/p>\n\n\n\n<figure class=\"wp-block-video\"><video controls src=\"https:\/\/plasticfreecertification.org\/wp-content\/uploads\/2021\/03\/Sii-il-cambiamento-che-vuoi-vedere-nel-mondo.-Nuovo.mp4\"><\/video><figcaption><em>\"Sii il cambiamento che vuoi vedere nel mondo\"<\/em><\/figcaption><\/figure>\n\n\n\n<p>Sappiamo che l\u2019eliminazione completa della plastica monouso \u00e8 un processo lungo che coinvolge inevitabilmente anche i fornitori.<\/p>\n\n\n\n<p>Il nostro obiettivo \u00e8 proprio quello di riuscire ad intervenire su tutta la filiera produttiva, per coinvolgere tutti nel percorso plastic free.&nbsp;<\/p>\n\n\n\n<p>Abbiamo ideato per il nostro Plastic Free Standard un approccio graduale, costituito da <strong>5 grades <\/strong>che rappresentano i diversi livelli di applicazione dello Standard.&nbsp;<\/p>\n\n\n\n<p>Nei grade pi\u00f9 bassi (grade E, Grade D, grade C) gli imballaggi e le plastiche provenienti dalle forniture sono gi\u00e0 oggetto di analisi ma non \u00e8 ancora prevista la loro immediata eliminazione; l\u2019attenzione \u00e8 rivolta alle acquisizioni dirette e a tutta la plastica monouso che \u00e8 gi\u00e0 possibile eliminare all\u2019interno dell\u2019attivit\u00e0.<\/p>\n\n\n\n<p>Nei grade pi\u00f9 elevati (A e B) non sono pi\u00f9 ammesse plastiche monouso, neanche quelle provenienti dai fornitori.<\/p>\n\n\n\n<p>L'approccio graduale permette a chiunque di intraprendere il percorso Plastic Free: a prescindere dalle proprie necessit\u00e0 di produzione, con il nostro supporto verranno individuate le migliori soluzioni possibili che il cliente potr\u00e0 mettere in campo. <\/p>\n\n\n\n<p>Il nostro marchio \u201csostenibile\u201d, <strong>Plastic Free Certification<\/strong>, rappresenta cos\u00ec in modo inequivocabile l\u2019impegno che i nostri clienti assumono nei confronti dell\u2019ambiente e dell\u2019individuo.<\/p>\n\n\n\n<h2 class=\"wp-block-heading\"><strong>PFC e l\u2019Agenda 2030<\/strong><\/h2>\n\n\n\n<p>Gli obiettivi dello sviluppo sostenibile sotto tutti strettamente correlati tra loro e nessun obiettivo pu\u00f2 essere perseguito singolarmente senza tenere in considerazione le tre dimensioni dello sviluppo: ambientale, sociale ed economico.<\/p>\n\n\n\n<p>La nostra missione \u00e8 quella di tutelare l\u2019ambiente in ogni modo, mettendo in atto ogni azione necessaria per proteggere il Pianeta.<\/p>\n\n\n\n<p>Collaboriamo con enti ed organizzazioni in Italia e nel mondo per diffondere soluzioni plastic free ed abolire l\u2019uso della plastica monouso.<\/p>\n\n\n\n<figure class=\"wp-block-image is-resized\"><img loading=\"lazy\" decoding=\"async\" src=\"https:\/\/lh3.googleusercontent.com\/IIuI1F6qvz_o_jROvyzsz1Tlvd61DWvEvrxlMV4t0Zf7TL_XxiWp_EF7yFfA9FdWXMW6uC7nyj6yvh7tMHcTcy4ufLlb1uri5FU6pNM8tJRnRWk_rjN1QTjcoZWIByj8s1FGgCCe\" alt=\"\" width=\"580\" height=\"435\"\/><\/figure>\n\n\n\n<p><\/p>\n","protected":false},"excerpt":{"rendered":"<p>La nostra certificazione si rivolge ad enti, imprese ed organizzazioni che intendono impegnarsi nella riduzione dell'uso di plastica monouso di origine fossile. Nello specifico, i nostri obiettivi sono: Promuovere e incentivare un'attenzione responsabile e consapevole ai consumi ecosostenibili, garantiti e verificati; decondizionare il comportamento umano dall'utilizzo quasi automatico di plastica monouso; Facilitare l\u2019accesso a processi [&hellip;]<\/p>\n","protected":false},"author":1,"featured_media":1124,"parent":0,"menu_order":0,"comment_status":"closed","ping_status":"closed","template":"","meta":{"_acf_changed":false,"footnotes":""},"class_list":["post-890","page","type-page","status-publish","has-post-thumbnail","hentry"],"acf":[],"_links":{"self":[{"href":"https:\/\/www.plasticfreecertification.org\/it\/wp-json\/wp\/v2\/pages\/890","targetHints":{"allow":["GET"]}}],"collection":[{"href":"https:\/\/www.plasticfreecertification.org\/it\/wp-json\/wp\/v2\/pages"}],"about":[{"href":"https:\/\/www.plasticfreecertification.org\/it\/wp-json\/wp\/v2\/types\/page"}],"author":[{"embeddable":true,"href":"https:\/\/www.plasticfreecertification.org\/it\/wp-json\/wp\/v2\/users\/1"}],"replies":[{"embeddable":true,"href":"https:\/\/www.plasticfreecertification.org\/it\/wp-json\/wp\/v2\/comments?post=890"}],"version-history":[{"count":7,"href":"https:\/\/www.plasticfreecertification.org\/it\/wp-json\/wp\/v2\/pages\/890\/revisions"}],"predecessor-version":[{"id":1943,"href":"https:\/\/www.plasticfreecertification.org\/it\/wp-json\/wp\/v2\/pages\/890\/revisions\/1943"}],"wp:featuredmedia":[{"embeddable":true,"href":"https:\/\/www.plasticfreecertification.org\/it\/wp-json\/wp\/v2\/media\/1124"}],"wp:attachment":[{"href":"https:\/\/www.plasticfreecertification.org\/it\/wp-json\/wp\/v2\/media?parent=890"}],"curies":[{"name":"wp","href":"https:\/\/api.w.org\/{rel}","templated":true}]}}