{"id":965,"date":"2021-03-04T15:07:12","date_gmt":"2021-03-04T14:07:12","guid":{"rendered":"http:\/\/www.plasticfreecertification.org\/?page_id=965"},"modified":"2021-03-16T13:06:05","modified_gmt":"2021-03-16T12:06:05","slug":"autovalutazione","status":"publish","type":"page","link":"https:\/\/www.plasticfreecertification.org\/it\/autovalutazione\/","title":{"rendered":"Autovalutazione"},"content":{"rendered":"<div class='fluentform ff-default fluentform_wrapper_22  ff_guten_block ff_guten_block-22 ffs_default_wrap'><form data-form_id=\"22\" id=\"fluentform_22\" class=\"frm-fluent-form fluent_form_22 ff-el-form-top ff_form_instance_22_1 ff-form-loading ffs_default\" data-form_instance=\"ff_form_instance_22_1\" method=\"POST\" ><fieldset  style=\"border: none!important;margin: 0!important;padding: 0!important;background-color: transparent!important;box-shadow: none!important;outline: none!important; min-inline-size: 100%;\">\n                    <legend class=\"ff_screen_reader_title\" style=\"display: block; margin: 0!important;padding: 0!important;height: 0!important;text-indent: -999999px;width: 0!important;overflow:hidden;\">AUTOVALUTAZIONE - ITA<\/legend><input type='hidden' name='__fluent_form_embded_post_id' value='965' \/><input type=\"hidden\" id=\"_fluentform_22_fluentformnonce\" name=\"_fluentform_22_fluentformnonce\" value=\"f80ccff7fc\" \/><input type=\"hidden\" name=\"_wp_http_referer\" value=\"\/it\/wp-json\/wp\/v2\/pages\/965\" \/><div class='ff-el-group  ff-custom_html' tabindex='-1' data-name=\"custom_html-22_1\" ><p><span style=\"font-weight: 400\">Il primo passo verso la transizione al Plastic Free \u00e8 acquisire consapevolezza del proprio comportamento. Con questo piccolo questionario potrete valutare approssimativamente il vostro impatto in termini di plastica monouso.\u00a0 <\/span><\/p><\/div><div class='ff-el-group'><div class=\"ff-el-input--label asterisk-right\"><label   aria-label=\"Quali tipologie di plastica monouso vengono utilizzate?\">Quali tipologie di plastica monouso vengono utilizzate?<\/label><\/div><div class='ff-el-input--content'><div class='ff-el-form-check ff-el-form-check-'><label class='ff-el-form-check-label' for='checkbox_547757902cb94b38764428c802fa1d5a'><input  type=\"checkbox\" name=\"checkbox[]\" data-name=\"checkbox\" class=\"ff-el-form-check-input ff-el-form-check-checkbox\" value=\"Stoviglie e bicchieri\"  id='checkbox_547757902cb94b38764428c802fa1d5a' aria-label='Stoviglie e bicchieri' aria-invalid='false' aria-required=false> <span>Stoviglie e bicchieri<\/span><\/label><\/div><div class='ff-el-form-check ff-el-form-check-'><label class='ff-el-form-check-label' for='checkbox_d97bb80247e0d09084cfc0dd34e1cd65'><input  type=\"checkbox\" name=\"checkbox[]\" data-name=\"checkbox\" class=\"ff-el-form-check-input ff-el-form-check-checkbox\" value=\"Imballaggi\"  id='checkbox_d97bb80247e0d09084cfc0dd34e1cd65' aria-label='Imballaggi' aria-invalid='false' aria-required=false> <span>Imballaggi<\/span><\/label><\/div><div class='ff-el-form-check ff-el-form-check-'><label class='ff-el-form-check-label' for='checkbox_4b67b55822210c5f002291ae943d30c2'><input  type=\"checkbox\" name=\"checkbox[]\" data-name=\"checkbox\" class=\"ff-el-form-check-input ff-el-form-check-checkbox\" value=\"Contenitori alimentari\"  id='checkbox_4b67b55822210c5f002291ae943d30c2' aria-label='Contenitori alimentari' aria-invalid='false' aria-required=false> <span>Contenitori alimentari<\/span><\/label><\/div><div class='ff-el-form-check ff-el-form-check-'><label class='ff-el-form-check-label' for='checkbox_b5aaadfdbc815a78c2f601a16412264d'><input  type=\"checkbox\" name=\"checkbox[]\" data-name=\"checkbox\" class=\"ff-el-form-check-input ff-el-form-check-checkbox\" value=\"sacchi\"  id='checkbox_b5aaadfdbc815a78c2f601a16412264d' aria-label='sacchi' aria-invalid='false' aria-required=false> <span>sacchi<\/span><\/label><\/div><div class='ff-el-form-check ff-el-form-check-'><label class='ff-el-form-check-label' for='checkbox_5eb22c265ec89e7d763e09b95d36b97a'><input  type=\"checkbox\" name=\"checkbox[]\" data-name=\"checkbox\" class=\"ff-el-form-check-input ff-el-form-check-checkbox\" value=\"materiali sanitari e di pulizia\"  id='checkbox_5eb22c265ec89e7d763e09b95d36b97a' aria-label='materiali sanitari e di pulizia' aria-invalid='false' aria-required=false> <span>materiali sanitari e di pulizia<\/span><\/label><\/div><div class='ff-el-form-check ff-el-form-check-'><label class='ff-el-form-check-label' for='checkbox_15c7e2978577e7dd975734993f278df0'><input  type=\"checkbox\" name=\"checkbox[]\" data-name=\"checkbox\" class=\"ff-el-form-check-input ff-el-form-check-checkbox\" value=\"altro\"  id='checkbox_15c7e2978577e7dd975734993f278df0' aria-label='altro' aria-invalid='false' aria-required=false> <span>altro<\/span><\/label><\/div><div class='ff-el-form-check ff-el-form-check-'><label class='ff-el-form-check-label' for='checkbox_c2e8ce0a46e06d599c9b427e9067af8b'><input  type=\"checkbox\" name=\"checkbox[]\" data-name=\"checkbox\" class=\"ff-el-form-check-input ff-el-form-check-checkbox\" value=\"nessuna\"  id='checkbox_c2e8ce0a46e06d599c9b427e9067af8b' aria-label='nessuna' aria-invalid='false' aria-required=false> <span>nessuna<\/span><\/label><\/div><\/div><\/div><div class='ff-el-group has-conditions'><div class=\"ff-el-input--label asterisk-right\"><label   aria-label=\"In quale quantit\u00e0 vengono utilizzati (considerare il prodotto pi\u00f9 utilizzato)?\">In quale quantit\u00e0 vengono utilizzati (considerare il prodotto pi\u00f9 utilizzato)?<\/label><\/div><div class='ff-el-input--content'><div class='ff-el-form-check ff-el-form-check-'><label class='ff-el-form-check-label' for='input_radio_dd827b46638434333a1f494da6f9638c'><input  type=\"radio\" name=\"input_radio\" data-name=\"input_radio\" class=\"ff-el-form-check-input ff-el-form-check-radio\" value=\"meno di 100 unit\u00e0 al mese\"  id='input_radio_dd827b46638434333a1f494da6f9638c' aria-label='meno di 100 unit\u00e0 al mese' aria-invalid='false' aria-required=false> <span>meno di 100 unit\u00e0 al mese<\/span><\/label><\/div><div class='ff-el-form-check ff-el-form-check-'><label class='ff-el-form-check-label' for='input_radio_f47bff0d4f70c75c165358f8f62e41ef'><input  type=\"radio\" name=\"input_radio\" data-name=\"input_radio\" class=\"ff-el-form-check-input ff-el-form-check-radio\" value=\"tra 100 e 1000 unit\u00e0 al mese\"  id='input_radio_f47bff0d4f70c75c165358f8f62e41ef' aria-label='tra 100 e 1000 unit\u00e0 al mese' aria-invalid='false' aria-required=false> <span>tra 100 e 1000 unit\u00e0 al mese<\/span><\/label><\/div><div class='ff-el-form-check ff-el-form-check-'><label class='ff-el-form-check-label' for='input_radio_98c16d93ee4738079363589afb1269ca'><input  type=\"radio\" name=\"input_radio\" data-name=\"input_radio\" class=\"ff-el-form-check-input ff-el-form-check-radio\" value=\"pi\u00f9 di 1000 unit\u00e0 al mese\"  id='input_radio_98c16d93ee4738079363589afb1269ca' aria-label='pi\u00f9 di 1000 unit\u00e0 al mese' aria-invalid='false' aria-required=false> <span>pi\u00f9 di 1000 unit\u00e0 al mese<\/span><\/label><\/div><\/div><\/div><div class='ff-el-group has-conditions'><div class=\"ff-el-input--label asterisk-right\"><label   aria-label=\"Come vengono acquisiti i materiali monouso in plastica sopra indicati?\">Come vengono acquisiti i materiali monouso in plastica sopra indicati?<\/label><\/div><div class='ff-el-input--content'><div class='ff-el-form-check ff-el-form-check-'><label class='ff-el-form-check-label' for='input_radio_1_7734e0c25fd5533f050e90727fa88616'><input  type=\"radio\" name=\"input_radio_1\" data-name=\"input_radio_1\" class=\"ff-el-form-check-input ff-el-form-check-radio\" value=\"acquisizione diretta (acquisto presso negozi, supermercati, cash&amp;carry, etc.)\"  id='input_radio_1_7734e0c25fd5533f050e90727fa88616' aria-label='acquisizione diretta (acquisto presso negozi, supermercati, cash&amp;carry, etc.)' aria-invalid='false' aria-required=false> <span>acquisizione diretta (acquisto presso negozi, supermercati, cash&amp;carry, etc.)<\/span><\/label><\/div><div class='ff-el-form-check ff-el-form-check-'><label class='ff-el-form-check-label' for='input_radio_1_dd478427ff4851ad5adf5b01c6e1dd10'><input  type=\"radio\" name=\"input_radio_1\" data-name=\"input_radio_1\" class=\"ff-el-form-check-input ff-el-form-check-radio\" value=\"da fornitori terzi (aziende B2B)\"  id='input_radio_1_dd478427ff4851ad5adf5b01c6e1dd10' aria-label='da fornitori terzi (aziende B2B)' aria-invalid='false' aria-required=false> <span>da fornitori terzi (aziende B2B)<\/span><\/label><\/div><div class='ff-el-form-check ff-el-form-check-'><label class='ff-el-form-check-label' for='input_radio_1_4baa910f63c733cb3331f8a399018d82'><input  type=\"radio\" name=\"input_radio_1\" data-name=\"input_radio_1\" class=\"ff-el-form-check-input ff-el-form-check-radio\" value=\"sia con acquisizione diretta che da fornitori terzi.\"  id='input_radio_1_4baa910f63c733cb3331f8a399018d82' aria-label='sia con acquisizione diretta che da fornitori terzi.' aria-invalid='false' aria-required=false> <span>sia con acquisizione diretta che da fornitori terzi.<\/span><\/label><\/div><\/div><\/div><div class='ff-el-group  ff-custom_html has-conditions' tabindex='-1' data-name=\"custom_html-22_2\" ><p><span style=\"font-weight: 400\">SITUAZIONE GRAVISSIMA<\/span><\/p>\n<p><span style=\"font-weight: 400\">La vostra realt\u00e0 ha un impatto eccessivo sul nostro ambiente. Una riduzione dell\u2019uso di plastiche monouso \u00e8 necessaria! Non avendo vincoli con fornitori particolari, avete la libert\u00e0 e l\u2019opportunit\u00e0 di approfondire la ricerca di soluzioni alternative. Il mercato ne \u00e8 sempre pi\u00f9 pieno.\u00a0<\/span><\/p>\n<p><span style=\"font-weight: 400\">PFC \u00e8 qui per sostenere il vostro processo di transizione e comunicare l\u2019impegno della vostra azienda.\u00a0<\/span><\/p><\/div><div class='ff-el-group  ff-custom_html has-conditions' tabindex='-1' data-name=\"custom_html-22_3\" ><p><span style=\"font-weight: 400\">SITUAZIONE GRAVISSIMA<\/span><\/p>\n<p><span style=\"font-weight: 400\">La vostra realt\u00e0 ha un impatto eccessivo sul nostro ambiente. Una riduzione dell\u2019uso di plastiche monouso \u00e8 necessaria! La sostituzione delle plastiche acquisite tramite fornitori terzi non sempre permette libert\u00e0 di scelta. Ma la sfida pi\u00f9 importante \u00e8 proprio l\u2019azione sulla catena di produzione, dove le nostre scelte hanno un impatto forte ed incisivo, con grandi potenzialit\u00e0 di cambiamento verso approcci sostenibili.\u00a0<\/span><\/p>\n<p><span style=\"font-weight: 400\">PFC \u00e8 qui per sostenere il vostro processo di transizione e comunicare l\u2019impegno della vostra azienda.<\/span><\/p><\/div><div class='ff-el-group  ff-custom_html has-conditions' tabindex='-1' data-name=\"custom_html-22_4\" ><p><span style=\"font-weight: 400\">SITUAZIONE GRAVE<\/span><\/p>\n<p><span style=\"font-weight: 400\">La vostra realt\u00e0 ha un impatto consistente sul nostro ambiente. Una riduzione dell\u2019uso di plastiche monouso \u00e8 necessaria! La sostituzione delle plastiche acquisite tramite fornitori terzi non sempre permette libert\u00e0 di scelta. Ma la sfida pi\u00f9 importante \u00e8 proprio l\u2019azione sulla catena di produzione, dove le nostre scelte hanno un impatto forte ed incisivo, con grandi potenzialit\u00e0 di cambiamento verso approcci sostenibili.\u00a0<\/span><\/p>\n<p><span style=\"font-weight: 400\">PFC \u00e8 qui per sostenere il vostro processo di transizione e comunicare l\u2019impegno della vostra azienda.<\/span><\/p><\/div><div class='ff-el-group  ff-custom_html has-conditions' tabindex='-1' data-name=\"custom_html-22_5\" ><p><span style=\"font-weight: 400\">SITUAZIONE LIEVEMENTE GRAVE\u00a0<\/span><\/p>\n<p><span style=\"font-weight: 400\">La vostra realt\u00e0 non ha un impatto enorme sul nostro ambiente, ma non \u00e8 mai abbastanza! \u00e8 giunto il momento di raggiungere l\u2019eliminazione totale dell\u2019uso di plastiche monouso. La sostituzione delle plastiche acquisite tramite fornitori terzi non sempre permette libert\u00e0 di scelta. Ma la sfida pi\u00f9 importante \u00e8 proprio l\u2019azione sulla catena di produzione dove le nostre scelte hanno un impatto forte ed incisivo, con grandi potenzialit\u00e0 di cambiamento verso approcci sostenibili.\u00a0<\/span><\/p>\n<p><span style=\"font-weight: 400\">PFC \u00e8 qui per sostenere il vostro processo di transizione e comunicare l\u2019impegno della vostra azienda.<\/span><\/p><\/div><div class='ff-el-group  ff-custom_html has-conditions' tabindex='-1' data-name=\"custom_html-22_6\" ><p><span style=\"font-weight: 400\">SITUAZIONE LIEVEMENTE GRAVE\u00a0<\/span><\/p>\n<p><span style=\"font-weight: 400\">La vostra realt\u00e0 non ha un impatto enorme sul nostro ambiente, ma non \u00e8 mai abbastanza! \u00e8 giunto il momento di raggiungere l\u2019eliminazione totale dell\u2019uso di plastiche monouso. Non avendo vincoli con fornitori particolari, avete la libert\u00e0 e l\u2019opportunit\u00e0 di approfondire la ricerca di soluzioni alternative. Il mercato ne \u00e8 sempre pi\u00f9 pieno.\u00a0<\/span><\/p>\n<p><span style=\"font-weight: 400\">PFC \u00e8 qui per sostenere il vostro processo di transizione e comunicare l\u2019impegno della vostra azienda.<\/span><\/p><\/div><div class='ff-el-group  ff-custom_html has-conditions' tabindex='-1' data-name=\"custom_html-22_7\" ><p><span style=\"font-weight: 400\">I nostri pi\u00f9 sinceri complimenti. Siete gi\u00e0 una realt\u00e0 Plastic Free e di questo ve ne siamo profondamente grati.<\/span><\/p>\n<p><span style=\"font-weight: 400\">PFC \u00e8 qui per comunicare l\u2019impegno della vostra azienda.<\/span><\/p><\/div><div class='ff-el-group  ff-custom_html has-conditions' tabindex='-1' data-name=\"custom_html-22_8\" ><p><span style=\"font-weight: 400\">SITUAZIONE GRAVE<\/span><\/p>\n<p><span style=\"font-weight: 400\">La vostra realt\u00e0 ha un impatto consistente sul nostro ambiente. Una riduzione dell\u2019uso di plastiche monouso \u00e8 necessaria! Non avendo vincoli con fornitori particolari, avete la libert\u00e0 e l\u2019opportunit\u00e0 di approfondire la ricerca di soluzioni alternative. Il mercato ne \u00e8 sempre pi\u00f9 pieno.\u00a0<\/span><\/p>\n<p><span style=\"font-weight: 400\">PFC \u00e8 qui per sostenere il vostro processo di transizione e comunicare l\u2019impegno della vostra azienda.<\/span><\/p><\/div><div class='ff-el-group has-conditions'><div class=\"ff-el-input--label asterisk-right\"><label for='ff_22_email' id='label_ff_22_email' aria-label=\"lascia un indirizzo Email per avere informazioni in merito\">lascia un indirizzo Email per avere informazioni in merito<\/label><\/div><div class='ff-el-input--content'><input type=\"email\" name=\"email\" id=\"ff_22_email\" class=\"ff-el-form-control\" placeholder=\"Email Address\" data-name=\"email\"  aria-invalid=\"false\" aria-required=false><\/div><\/div><div class='ff-el-group ff-text-right ff_submit_btn_wrapper'><button type=\"submit\" class=\"ff-btn ff-btn-submit ff-btn-md ff_btn_style\"  aria-label=\"Richiedi informazioni\">Richiedi informazioni<\/button><\/div><\/fieldset><\/form><div id='fluentform_22_errors' class='ff-errors-in-stack ff_form_instance_22_1 ff-form-loading_errors ff_form_instance_22_1_errors'><\/div><\/div>            <script type=\"text\/javascript\">\n                window.fluent_form_ff_form_instance_22_1 = {\"id\":\"22\",\"ajaxUrl\":\"https:\\\/\\\/www.plasticfreecertification.org\\\/wp-admin\\\/admin-ajax.php\",\"settings\":{\"layout\":{\"labelPlacement\":\"top\",\"helpMessagePlacement\":\"with_label\",\"errorMessagePlacement\":\"inline\",\"asteriskPlacement\":\"asterisk-right\"},\"restrictions\":{\"denyEmptySubmission\":{\"enabled\":false}}},\"form_instance\":\"ff_form_instance_22_1\",\"form_id_selector\":\"fluentform_22\",\"rules\":{\"checkbox\":{\"required\":{\"value\":false,\"message\":\"This field is required\"}},\"input_radio\":{\"required\":{\"value\":false,\"message\":\"This field is required\"}},\"input_radio_1\":{\"required\":{\"value\":false,\"message\":\"This field is required\"}},\"email\":{\"required\":{\"value\":false,\"message\":\"This field is required\"},\"email\":{\"value\":true,\"message\":\"This field must contain a valid email\"}}},\"debounce_time\":300,\"conditionals\":{\"input_radio\":{\"type\":\"any\",\"status\":true,\"conditions\":[{\"field\":\"checkbox\",\"value\":\"Stoviglie e bicchieri\",\"operator\":\"=\"},{\"field\":\"checkbox\",\"value\":\"Imballaggi\",\"operator\":\"=\"},{\"field\":\"checkbox\",\"value\":\"Contenitori alimentari\",\"operator\":\"=\"},{\"field\":\"checkbox\",\"value\":\"sacchi\",\"operator\":\"=\"},{\"field\":\"checkbox\",\"value\":\"materiali sanitari e di pulizia\",\"operator\":\"=\"},{\"field\":\"checkbox\",\"value\":\"altro\",\"operator\":\"\"},{\"field\":\"\",\"value\":\"\",\"operator\":\"\"}]},\"input_radio_1\":{\"type\":\"any\",\"status\":true,\"conditions\":[{\"field\":\"checkbox\",\"value\":\"Stoviglie e bicchieri\",\"operator\":\"=\"},{\"field\":\"checkbox\",\"value\":\"Imballaggi\",\"operator\":\"=\"},{\"field\":\"checkbox\",\"value\":\"Contenitori alimentari\",\"operator\":\"=\"},{\"field\":\"checkbox\",\"value\":\"sacchi\",\"operator\":\"=\"},{\"field\":\"checkbox\",\"value\":\"materiali sanitari e di pulizia\",\"operator\":\"=\"},{\"field\":\"checkbox\",\"value\":\"altro\",\"operator\":\"=\"}]},\"custom_html-22_2\":{\"type\":\"all\",\"status\":true,\"conditions\":[{\"field\":\"input_radio\",\"value\":\"pi\\u00f9 di 1000 unit\\u00e0 al mese\",\"operator\":\"=\"},{\"field\":\"input_radio_1\",\"value\":\"da fornitori terzi (aziende B2B)\",\"operator\":\"!=\"}]},\"custom_html-22_3\":{\"type\":\"all\",\"status\":true,\"conditions\":[{\"field\":\"input_radio\",\"value\":\"pi\\u00f9 di 1000 unit\\u00e0 al mese\",\"operator\":\"=\"},{\"field\":\"input_radio_1\",\"value\":\"da fornitori terzi (aziende B2B)\",\"operator\":\"=\"}]},\"custom_html-22_4\":{\"type\":\"all\",\"status\":true,\"conditions\":[{\"field\":\"input_radio\",\"value\":\"tra 100 e 1000 unit\\u00e0 al mese\",\"operator\":\"=\"},{\"field\":\"input_radio_1\",\"value\":\"da fornitori terzi (aziende B2B)\",\"operator\":\"=\"}]},\"custom_html-22_5\":{\"type\":\"all\",\"status\":true,\"conditions\":[{\"field\":\"input_radio\",\"value\":\"meno di 100 unit\\u00e0 al mese\",\"operator\":\"=\"},{\"field\":\"input_radio_1\",\"value\":\"da fornitori terzi (aziende B2B)\",\"operator\":\"=\"}]},\"custom_html-22_6\":{\"type\":\"all\",\"status\":true,\"conditions\":[{\"field\":\"input_radio\",\"value\":\"meno di 100 unit\\u00e0 al mese\",\"operator\":\"=\"},{\"field\":\"input_radio_1\",\"value\":\"da fornitori terzi (aziende B2B)\",\"operator\":\"!=\"}]},\"custom_html-22_7\":{\"type\":\"all\",\"status\":true,\"conditions\":[{\"field\":\"checkbox\",\"value\":\"nessuna\",\"operator\":\"=\"}]},\"custom_html-22_8\":{\"type\":\"all\",\"status\":true,\"conditions\":[{\"field\":\"input_radio\",\"value\":\"tra 100 e 1000 unit\\u00e0 al mese\",\"operator\":\"=\"},{\"field\":\"input_radio_1\",\"value\":\"da fornitori terzi (aziende B2B)\",\"operator\":\"!=\"}]},\"email\":{\"type\":\"any\",\"status\":true,\"conditions\":[{\"field\":\"checkbox\",\"value\":\"Stoviglie e bicchieri\",\"operator\":\"=\"},{\"field\":\"checkbox\",\"value\":\"Imballaggi\",\"operator\":\"=\"},{\"field\":\"checkbox\",\"value\":\"Contenitori alimentari\",\"operator\":\"=\"},{\"field\":\"checkbox\",\"value\":\"sacchi\",\"operator\":\"=\"},{\"field\":\"checkbox\",\"value\":\"materiali sanitari e di pulizia\",\"operator\":\"=\"},{\"field\":\"checkbox\",\"value\":\"altro\",\"operator\":\"=\"},{\"field\":\"checkbox\",\"value\":\"nessuna\",\"operator\":\"=\"}]}}};\n                            <\/script>\n            ","protected":false},"excerpt":{"rendered":"","protected":false},"author":1,"featured_media":1044,"parent":0,"menu_order":0,"comment_status":"closed","ping_status":"closed","template":"","meta":{"_acf_changed":false,"footnotes":""},"class_list":["post-965","page","type-page","status-publish","has-post-thumbnail","hentry"],"acf":[],"_links":{"self":[{"href":"https:\/\/www.plasticfreecertification.org\/it\/wp-json\/wp\/v2\/pages\/965","targetHints":{"allow":["GET"]}}],"collection":[{"href":"https:\/\/www.plasticfreecertification.org\/it\/wp-json\/wp\/v2\/pages"}],"about":[{"href":"https:\/\/www.plasticfreecertification.org\/it\/wp-json\/wp\/v2\/types\/page"}],"author":[{"embeddable":true,"href":"https:\/\/www.plasticfreecertification.org\/it\/wp-json\/wp\/v2\/users\/1"}],"replies":[{"embeddable":true,"href":"https:\/\/www.plasticfreecertification.org\/it\/wp-json\/wp\/v2\/comments?post=965"}],"version-history":[{"count":1,"href":"https:\/\/www.plasticfreecertification.org\/it\/wp-json\/wp\/v2\/pages\/965\/revisions"}],"predecessor-version":[{"id":966,"href":"https:\/\/www.plasticfreecertification.org\/it\/wp-json\/wp\/v2\/pages\/965\/revisions\/966"}],"wp:featuredmedia":[{"embeddable":true,"href":"https:\/\/www.plasticfreecertification.org\/it\/wp-json\/wp\/v2\/media\/1044"}],"wp:attachment":[{"href":"https:\/\/www.plasticfreecertification.org\/it\/wp-json\/wp\/v2\/media?parent=965"}],"curies":[{"name":"wp","href":"https:\/\/api.w.org\/{rel}","templated":true}]}}